{"id":10,"date":"2024-07-23T21:42:57","date_gmt":"2024-07-23T19:42:57","guid":{"rendered":"http:\/\/ewa.szymeczko.com\/?page_id=10"},"modified":"2025-11-25T07:45:24","modified_gmt":"2025-11-25T06:45:24","slug":"sekcja-strony-glownej","status":"publish","type":"page","link":"https:\/\/ewa.szymeczko.com\/?page_id=10","title":{"rendered":"O mnie"},"content":{"rendered":"<p align=\"JUSTIFY\">Sko\u0144czy\u0142am studia psychologiczne o specjalno\u015bci psychologia kliniczna na Wydziale Psychologii Uniwersytetu Kazimierza Wielkiego w Bydgoszczy oraz roczne szkolenie w zakresie psychoterapii poznawczo-behawioralnej os\u00f3b doros\u0142ych w Centrum Psychoterapii Poznawczo Behawioralnej w Warszawie.<\/p>\n<p align=\"JUSTIFY\">Obecnie kszta\u0142c\u0119 si\u0119 w Szkole Psychoterapii Empiro.<\/p>\n<p align=\"JUSTIFY\">Ciekawi mnie cz\u0142owiek, a psychologia jest moj\u0105 pasj\u0105.<\/p>\n<p align=\"JUSTIFY\">Moje dotychczasowe do\u015bwiadczenie zawodowe i \u017cyciowe nieustannie pokazuje jak wa\u017cny jest cz\u0142owiek, jego dobrostan i umiej\u0119tno\u015b\u0107 kszta\u0142towania odporno\u015bci psychicznej.<\/p>\n<p align=\"JUSTIFY\">Bliskie jest mi podej\u015bcie poznawczo-behawioralne, zgodnie z kt\u00f3rym, nasze zachowania i emocje kszta\u0142towane s\u0105 przez nasze, cz\u0119sto nieprzystosowawcze my\u015blenie, a zmiana zachowania jest mo\u017cliwa dzi\u0119ki zmianie my\u015blenia.<\/p>\n<p align=\"JUSTIFY\">Fascynuj\u0105 mnie r\u00f3wnie\u017c wczesne nieadaptacyjne schematy, powstaj\u0105ce z deprywacji naszych potrzeb oraz podej\u015bcie psychodynamiczne.<\/p>\n<p align=\"JUSTIFY\">Pracuj\u0119 zgodnie z zasadami etyki zawodu psychologa, z kt\u00f3rych najwa\u017cniejsza to troska o dobro klienta, czyli dba\u0142o\u015b\u0107 o bezpiecze\u0144stwo, rozwijanie autonomii klienta, uczciwo\u015b\u0107, poufno\u015b\u0107 i lojalno\u015b\u0107 w relacji.<\/p>\n","protected":false},"excerpt":{"rendered":"<p>Sko\u0144czy\u0142am studia psychologiczne o specjalno\u015bci psychologia kliniczna na Wydziale Psychologii Uniwersytetu Kazimierza Wielkiego w Bydgoszczy oraz roczne szkolenie w zakresie psychoterapii poznawczo-behawioralnej os\u00f3b doros\u0142ych w Centrum Psychoterapii Poznawczo Behawioralnej w Warszawie. Obecnie kszta\u0142c\u0119 si\u0119 w Szkole Psychoterapii Empiro. Ciekawi mnie cz\u0142owiek, a psychologia jest moj\u0105 pasj\u0105. Moje dotychczasowe do\u015bwiadczenie zawodowe i \u017cyciowe nieustannie pokazuje jak &hellip; <\/p>\n<p class=\"link-more\"><a href=\"https:\/\/ewa.szymeczko.com\/?page_id=10\" class=\"more-link\">Continue reading<span class=\"screen-reader-text\"> &#8220;O mnie&#8221;<\/span><\/a><\/p>\n","protected":false},"author":1,"featured_media":32,"parent":0,"menu_order":2,"comment_status":"closed","ping_status":"closed","template":"","meta":{"footnotes":""},"class_list":["post-10","page","type-page","status-publish","has-post-thumbnail","hentry"],"_links":{"self":[{"href":"https:\/\/ewa.szymeczko.com\/index.php?rest_route=\/wp\/v2\/pages\/10","targetHints":{"allow":["GET"]}}],"collection":[{"href":"https:\/\/ewa.szymeczko.com\/index.php?rest_route=\/wp\/v2\/pages"}],"about":[{"href":"https:\/\/ewa.szymeczko.com\/index.php?rest_route=\/wp\/v2\/types\/page"}],"author":[{"embeddable":true,"href":"https:\/\/ewa.szymeczko.com\/index.php?rest_route=\/wp\/v2\/users\/1"}],"replies":[{"embeddable":true,"href":"https:\/\/ewa.szymeczko.com\/index.php?rest_route=%2Fwp%2Fv2%2Fcomments&post=10"}],"version-history":[{"count":7,"href":"https:\/\/ewa.szymeczko.com\/index.php?rest_route=\/wp\/v2\/pages\/10\/revisions"}],"predecessor-version":[{"id":226,"href":"https:\/\/ewa.szymeczko.com\/index.php?rest_route=\/wp\/v2\/pages\/10\/revisions\/226"}],"wp:featuredmedia":[{"embeddable":true,"href":"https:\/\/ewa.szymeczko.com\/index.php?rest_route=\/wp\/v2\/media\/32"}],"wp:attachment":[{"href":"https:\/\/ewa.szymeczko.com\/index.php?rest_route=%2Fwp%2Fv2%2Fmedia&parent=10"}],"curies":[{"name":"wp","href":"https:\/\/api.w.org\/{rel}","templated":true}]}}