{"id":27,"date":"2024-07-23T21:49:24","date_gmt":"2024-07-23T19:49:24","guid":{"rendered":"http:\/\/ewa.szymeczko.com\/?page_id=27"},"modified":"2024-08-06T21:55:09","modified_gmt":"2024-08-06T19:55:09","slug":"moja-pierwsza-strona","status":"publish","type":"page","link":"https:\/\/ewa.szymeczko.com\/?page_id=27","title":{"rendered":"Polityka prywatno\u015bci"},"content":{"rendered":"<p align=\"JUSTIFY\">Jako psycholog przetwarzam Pa\u0144stwa dane osobowe (np.: zbieram informacje i je przechowuj\u0119, przegl\u0105dam je przed spotkaniem z Pa\u0144stwem), w zwi\u0105zku z tym jestem zobowi\u0105zana do stosowania si\u0119 do polityki RODO. Jednak\u017ce zasad\u0105 jest zbieranie wy\u0142\u0105cznie danych koniecznych, prowadz\u0105cych do udzielenia rzetelnej pomocy psychologicznej.<\/p>\n<p align=\"JUSTIFY\">Zgodnie z art. 13 ust. 1 Rozporz\u0105dzenie Parlamentu Europejskiego i Rady z dnia 27 kwietnia 2016 r. w sprawie ochrony os\u00f3b fizycznych w zwi\u0105zku z przetwarzaniem danych osobowych i w sprawie swobodnego przep\u0142ywu takich danych oraz uchylenia dyrektywy 95\/46\/WE (Dz. Urz. UE z 4.5.2016 L119) (RODO) informuj\u0119, i\u017c:<\/p>\n<ol>\n<li>\n<p align=\"JUSTIFY\">Administratorem Pani\/a danych osobowych jest Psycholog Ewa Szymeczko, prowadz\u0105ca gabinet przy ul. Fa\u0142ata 34-46, 87-100 Toru\u0144, tel. 602\u00a0219\u00a0443, e-mail: <a href=\"mailto:ewa@szymeczko.com\">ewa@szymeczko.com<\/a>, strona: www. ewa.szymeczko.com.<\/p>\n<\/li>\n<li>\n<p align=\"JUSTIFY\">Dane b\u0119d\u0105 przetwarzane na podstawie pisemnej zgody, w celu \u015bwiadczenia us\u0142ug psychologicznych &#8211; konsultacja psychologiczna, wsparcie psychologiczne, psychoedukacja, interwencja kryzysowa.<\/p>\n<\/li>\n<li>\n<p align=\"JUSTIFY\">Dane osobowe mog\u0105 by\u0107 przetwarzane i udost\u0119pniane:<\/p>\n<\/li>\n<\/ol>\n<p align=\"JUSTIFY\">1) w celu zawarcia i wykonywania kontraktu na prowadzenie pomocy psychologicznej,<\/p>\n<p align=\"JUSTIFY\">2) w celu realizacji procesu superwizji (omawianie trudno\u015bci w procesie z bardziej do\u015bwiadczonym psychologiem lub psychoterapeut\u0105) oraz interwizji (omawianie trudno\u015bci z innymi psychologami),<\/p>\n<p align=\"JUSTIFY\">3) w celach archiwalnych dla zabezpieczenia informacji na wypadek prawnej potrzeby wskazania fakt\u00f3w,<\/p>\n<p align=\"JUSTIFY\">4) w celu ewentualnego ustalenia roszcze\u0144,<\/p>\n<p align=\"JUSTIFY\">5) w celu badania satysfakcji klient\u00f3w i okre\u015blania jako\u015bci \u015bwiadczonej przeze mnie us\u0142ugi.<\/p>\n<ol start=\"4\">\n<li>\n<p align=\"JUSTIFY\">Informuj\u0119, \u017ce istnieje mo\u017cliwo\u015b\u0107, \u017ce w celu wykonywania kontraktu na prowadzenie pomocy psychologicznej, b\u0119d\u0119 udost\u0119pnia\u0107 dane osobowe, kt\u00f3re przetwarzam, do nast\u0119puj\u0105cych kategorii podmiot\u00f3w:<\/p>\n<\/li>\n<\/ol>\n<p align=\"JUSTIFY\">1) Dane zwyk\u0142e, tj. imi\u0119 i nazwisko, numer telefonu, adres zamieszkania, pesel:<\/p>\n<p style=\"padding-left: 40px;\" align=\"JUSTIFY\">a) firmie ksi\u0119gowej, z kt\u00f3rej korzystam,<\/p>\n<p style=\"padding-left: 40px;\" align=\"JUSTIFY\">b) podmiotowi, kt\u00f3ry prowadzi moj\u0105 poczt\u0119 e-mail,<\/p>\n<p style=\"padding-left: 40px;\" align=\"JUSTIFY\">c) komunikatorom, w przypadku kontaktowania si\u0119 przez klienta przez komunikatory,<\/p>\n<p style=\"padding-left: 40px;\" align=\"JUSTIFY\">d) superwizorowi \u2013 w przypadku konieczno\u015bci poddania procesu pomocy psychologicznej superwizji;<\/p>\n<p align=\"JUSTIFY\">2) Dane wra\u017cliwe, tj. informacje o stanie zdrowia, leczeniu farmakologicznym, pochodzeniu, rodzinie, pracy, na kt\u00f3rych przetwarzanie zosta\u0142a wyra\u017cona pisemna zgodna, b\u0119d\u0105 udost\u0119pnione, o ile zajdzie taka konieczno\u015b\u0107 dla prawid\u0142owo\u015bci prowadzenia procesu konsultacyjnego, wy\u0142\u0105cznie w realizacji procesu superwizji i\/lub interwizji.<\/p>\n<ol start=\"5\">\n<li>\n<p align=\"JUSTIFY\">Dane b\u0119d\u0105 przechowywane przez okres 2 lat od zako\u0144czenia procesu pomocy psychologicznej, a w celach podatkowych do 5 lat.<\/p>\n<\/li>\n<li>\n<p align=\"JUSTIFY\">Maj\u0105 Pa\u0144stwo prawo dost\u0119pu do swoich danych osobowych, do sprostowania (poprawiania) swoich danych, ograniczenia przetwarzania danych, przenoszenia danych, wniesienia sprzeciwu wobec przetwarzania, usuni\u0119cia danych, cofni\u0119cia zgody w dowolnym momencie bez wp\u0142ywu na zgodno\u015b\u0107 z prawem przetwarzania, kt\u00f3rego dokonano na podstawie zgody przed jej cofni\u0119ciem.<\/p>\n<\/li>\n<li>\n<p align=\"JUSTIFY\">Przys\u0142uguje Pa\u0144stwu prawo wniesienia skargi do Prezesa Urz\u0119du Ochrony Danych Osobowych (na adres: ul. Stawki 2, 00-193 Warszawa).<\/p>\n<\/li>\n<li>\n<p align=\"JUSTIFY\">Podanie przez Pa\u0144stwa danych jest dobrowolne, jednak odmowa ich podania jest r\u00f3wnoznaczna z brakiem mo\u017cliwo\u015bci rzetelnego wykonywania przeze mnie stosownej us\u0142ugi.<\/p>\n<\/li>\n<li>\n<p align=\"JUSTIFY\">Psycholog zobowi\u0105zany jest do przestrzegania tajemnicy zawodowej.<\/p>\n<\/li>\n<li>\n<p align=\"JUSTIFY\">Psycholog nie b\u0119dzie zobowi\u0105zany do zachowania tajemnicy zawodowej tylko je\u017celi powa\u017cnie zagro\u017cone jest \u017cycie klienta lub innych os\u00f3b, albo gdy stanowi\u0105 tak przepisy innych ustaw.<\/p>\n<\/li>\n<\/ol>\n<p align=\"JUSTIFY\"><i><b><a href=\"http:\/\/ewa.szymeczko.com\/wp-content\/uploads\/2024\/08\/NA-SRONE-Zgoda-na-przetwarzanie-danych-osobowych.pdf\">Zgoda na przetwarzanie danych osobowych\u00a0 &lt;&#8212; kliknij aby pobra\u0107<\/a><\/b><\/i><\/p>\n","protected":false},"excerpt":{"rendered":"<p>Jako psycholog przetwarzam Pa\u0144stwa dane osobowe (np.: zbieram informacje i je przechowuj\u0119, przegl\u0105dam je przed spotkaniem z Pa\u0144stwem), w zwi\u0105zku z tym jestem zobowi\u0105zana do stosowania si\u0119 do polityki RODO. Jednak\u017ce zasad\u0105 jest zbieranie wy\u0142\u0105cznie danych koniecznych, prowadz\u0105cych do udzielenia rzetelnej pomocy psychologicznej. Zgodnie z art. 13 ust. 1 Rozporz\u0105dzenie Parlamentu Europejskiego i Rady z &hellip; <\/p>\n<p class=\"link-more\"><a href=\"https:\/\/ewa.szymeczko.com\/?page_id=27\" class=\"more-link\">Continue reading<span class=\"screen-reader-text\"> &#8220;Polityka prywatno\u015bci&#8221;<\/span><\/a><\/p>\n","protected":false},"author":1,"featured_media":104,"parent":0,"menu_order":4,"comment_status":"closed","ping_status":"closed","template":"","meta":{"footnotes":""},"class_list":["post-27","page","type-page","status-publish","has-post-thumbnail","hentry"],"_links":{"self":[{"href":"https:\/\/ewa.szymeczko.com\/index.php?rest_route=\/wp\/v2\/pages\/27","targetHints":{"allow":["GET"]}}],"collection":[{"href":"https:\/\/ewa.szymeczko.com\/index.php?rest_route=\/wp\/v2\/pages"}],"about":[{"href":"https:\/\/ewa.szymeczko.com\/index.php?rest_route=\/wp\/v2\/types\/page"}],"author":[{"embeddable":true,"href":"https:\/\/ewa.szymeczko.com\/index.php?rest_route=\/wp\/v2\/users\/1"}],"replies":[{"embeddable":true,"href":"https:\/\/ewa.szymeczko.com\/index.php?rest_route=%2Fwp%2Fv2%2Fcomments&post=27"}],"version-history":[{"count":5,"href":"https:\/\/ewa.szymeczko.com\/index.php?rest_route=\/wp\/v2\/pages\/27\/revisions"}],"predecessor-version":[{"id":113,"href":"https:\/\/ewa.szymeczko.com\/index.php?rest_route=\/wp\/v2\/pages\/27\/revisions\/113"}],"wp:featuredmedia":[{"embeddable":true,"href":"https:\/\/ewa.szymeczko.com\/index.php?rest_route=\/wp\/v2\/media\/104"}],"wp:attachment":[{"href":"https:\/\/ewa.szymeczko.com\/index.php?rest_route=%2Fwp%2Fv2%2Fmedia&parent=27"}],"curies":[{"name":"wp","href":"https:\/\/api.w.org\/{rel}","templated":true}]}}