{"id":7,"date":"2024-07-23T21:42:57","date_gmt":"2024-07-23T19:42:57","guid":{"rendered":"http:\/\/ewa.szymeczko.com\/?page_id=7"},"modified":"2025-11-25T07:47:27","modified_gmt":"2025-11-25T06:47:27","slug":"informacje","status":"publish","type":"page","link":"https:\/\/ewa.szymeczko.com\/?page_id=7","title":{"rendered":"Kwalifikacje"},"content":{"rendered":"<p align=\"JUSTIFY\">od 2025 &#8211; 4-letnia Szko\u0142a Psychoterapii Empiro, podej\u015bcie psychodynamiczne<\/p>\n<p align=\"JUSTIFY\">2024 &#8211; 2025 \u2013 Szkolenie z zakresu psychoterapii poznawczo-behawioralnej os\u00f3b doros\u0142ych \u2013 Centrum Psychoterapii Poznawczo Behawioralnej<\/p>\n<p align=\"JUSTIFY\">2024 &#8211; Pierwsza Pomoc Psychologiczna, czyli jak udziela\u0107 wsparcia klientowi w trudnej lub kryzysowej sytuacji \u017cyciowej? (model RAPID) &#8211; Akademia IPTK<\/p>\n<p align=\"JUSTIFY\">2024 &#8211; Jak pracowa\u0107 z m\u0119\u017cczyzn\u0105, kt\u00f3ry do\u015bwiadcza przemocy? &#8211; Stowarzyszenie Widz\u0105cych Wi\u0119cej<\/p>\n<p align=\"JUSTIFY\">2024 &#8211; Jak diagnozowa\u0107 zaburzenia osobowo\u015bci? Klasyfikacja i rozpoznanie wg ICD-11 &#8211; Stowarzyszenie Widz\u0105cych Wi\u0119cej<\/p>\n<p align=\"JUSTIFY\">2024 &#8211; Wp\u0142yw dzieci\u0144stwa na wyb\u00f3r partnera w doros\u0142o\u015bci &#8211; warsztaty &#8211; Stowarzyszenie Widz\u0105cych Wi\u0119cej<\/p>\n<p align=\"JUSTIFY\">2021 \u2013 Trening wytrwa\u0142o\u015bci i skuteczno\u015bci w realizacji codziennych zada\u0144 \u2013 DOSKAM Sp. z o.o. (m.in. zagadnienia zwi\u0105zane z wytrwa\u0142o\u015bci\u0105 i skuteczno\u015bci\u0105 i ich powi\u0105zaniem z dobrostanem psychicznym, samokontrol\u0105 i samoregulacj\u0105, radzeniem sobie z presj\u0105 czasu)<\/p>\n<p align=\"JUSTIFY\">2021 \u2013 Akademia zarz\u0105dzania \u2013 NOWE OPCJE s.c. (motywowanie i wspieranie zespo\u0142u, efektywne zarz\u0105dzanie w czasach VUCA: Volatility \u2013 zmienno\u015b\u0107, Uncertainty \u2013 niepewno\u015b\u0107, Complexity \u2013 z\u0142o\u017cono\u015b\u0107, Ambiguity \u2013 niejednoznaczno\u015b\u0107, psychologia zmiany, zarz\u0105dzanie sob\u0105 wobec zmiany, okre\u015blanie w\u0142asnych motywacji i obszar\u00f3w do rozwoju, komunikacja, radzenie sobie z emocjami, budowanie odporno\u015bci psychicznej, wypalenie zawodowe)<\/p>\n<p align=\"JUSTIFY\">2020 \u2013 Szkolenie antydyskryminacyjne \u2013 UNIWERSYTET SWPS (stereotypy i uprzedzenia, dyskryminacja w prawie polskim i europejskim, jak budowa\u0107 atmosfer\u0119 antydyskryminacyjn\u0105)<\/p>\n<p align=\"JUSTIFY\">2020 \u2013 Mobbing w pracy \u2013 skuteczne strategie przeciwdzia\u0142ania i reagowania &#8211; UNIWERSYTET SWPS (mobbing \u2013 specyfika, dynamika i konsekwencje, diagnoza r\u00f3\u017cnicowa, dobre praktyki przeciwdzia\u0142ania, indywidualne strategie radzenia sobie z mobbingiem)<\/p>\n<p align=\"JUSTIFY\">2020 \u2013 Regenerowanie energii do dzia\u0142ania \u2013 jak utrzymywa\u0107 optymalny poziom motywacji i wydajno\u015bci przeciwdzia\u0142aj\u0105c jednocze\u015bnie wypaleniu zawodowemu \u2013 SOFTWARE DEVELOPMENT ACADEMY (energia osobista a efektywno\u015b\u0107, motywacja wewn\u0119trzna i zewn\u0119trzna, wypalenie zawodowe, work-life balance)<\/p>\n<p align=\"JUSTIFY\">2020 \u2013 Budowanie motywacji i zaanga\u017cowania \u2013 SOFTWARE DEVELOPMENT ACADEMY (teorie motywacji, narz\u0119dzia motywowania, budowanie i utrzymanie zaanga\u017cowania)<\/p>\n<p align=\"JUSTIFY\">2020 \u2013 Jak komunikowa\u0107 zdarzenia traumatyczne \u2013 DOSKAM Sp. z o.o.<\/p>\n<p align=\"JUSTIFY\">2020 \u2013 Skuteczna i profesjonalna prezentacja i autoprezentacja \u2013 IMMOQEE Sp. z o.o.<\/p>\n<p align=\"JUSTIFY\">2009 \u2013 Jak skutecznie kierowa\u0107 lud\u017ami w organizacji \u2013 BOMIS (motywowanie, zarz\u0105dzanie konfliktem w zespole)<\/p>\n","protected":false},"excerpt":{"rendered":"<p>od 2025 &#8211; 4-letnia Szko\u0142a Psychoterapii Empiro, podej\u015bcie psychodynamiczne 2024 &#8211; 2025 \u2013 Szkolenie z zakresu psychoterapii poznawczo-behawioralnej os\u00f3b doros\u0142ych \u2013 Centrum Psychoterapii Poznawczo Behawioralnej 2024 &#8211; Pierwsza Pomoc Psychologiczna, czyli jak udziela\u0107 wsparcia klientowi w trudnej lub kryzysowej sytuacji \u017cyciowej? (model RAPID) &#8211; Akademia IPTK 2024 &#8211; Jak pracowa\u0107 z m\u0119\u017cczyzn\u0105, kt\u00f3ry do\u015bwiadcza przemocy? &hellip; <\/p>\n<p class=\"link-more\"><a href=\"https:\/\/ewa.szymeczko.com\/?page_id=7\" class=\"more-link\">Continue reading<span class=\"screen-reader-text\"> &#8220;Kwalifikacje&#8221;<\/span><\/a><\/p>\n","protected":false},"author":1,"featured_media":34,"parent":0,"menu_order":3,"comment_status":"closed","ping_status":"closed","template":"","meta":{"footnotes":""},"class_list":["post-7","page","type-page","status-publish","has-post-thumbnail","hentry"],"_links":{"self":[{"href":"https:\/\/ewa.szymeczko.com\/index.php?rest_route=\/wp\/v2\/pages\/7","targetHints":{"allow":["GET"]}}],"collection":[{"href":"https:\/\/ewa.szymeczko.com\/index.php?rest_route=\/wp\/v2\/pages"}],"about":[{"href":"https:\/\/ewa.szymeczko.com\/index.php?rest_route=\/wp\/v2\/types\/page"}],"author":[{"embeddable":true,"href":"https:\/\/ewa.szymeczko.com\/index.php?rest_route=\/wp\/v2\/users\/1"}],"replies":[{"embeddable":true,"href":"https:\/\/ewa.szymeczko.com\/index.php?rest_route=%2Fwp%2Fv2%2Fcomments&post=7"}],"version-history":[{"count":8,"href":"https:\/\/ewa.szymeczko.com\/index.php?rest_route=\/wp\/v2\/pages\/7\/revisions"}],"predecessor-version":[{"id":183,"href":"https:\/\/ewa.szymeczko.com\/index.php?rest_route=\/wp\/v2\/pages\/7\/revisions\/183"}],"wp:featuredmedia":[{"embeddable":true,"href":"https:\/\/ewa.szymeczko.com\/index.php?rest_route=\/wp\/v2\/media\/34"}],"wp:attachment":[{"href":"https:\/\/ewa.szymeczko.com\/index.php?rest_route=%2Fwp%2Fv2%2Fmedia&parent=7"}],"curies":[{"name":"wp","href":"https:\/\/api.w.org\/{rel}","templated":true}]}}