{"id":73,"date":"2024-08-03T22:40:49","date_gmt":"2024-08-03T20:40:49","guid":{"rendered":"http:\/\/ewa.szymeczko.com\/?page_id=73"},"modified":"2024-09-17T22:20:18","modified_gmt":"2024-09-17T20:20:18","slug":"zasady-kontaktu-i-wizyt","status":"publish","type":"page","link":"https:\/\/ewa.szymeczko.com\/?page_id=73","title":{"rendered":"Zasady kontaktu i wizyt"},"content":{"rendered":"<ol>\n<li>\n<p align=\"JUSTIFY\">Umawianie wizyt nast\u0119puje poprzez telefon, sms, e-mail.<\/p>\n<\/li>\n<li>\n<p align=\"JUSTIFY\">Prosz\u0119 o odwo\u0142ywanie wizyty najp\u00f3\u017aniej dzie\u0144 przed um\u00f3wionym terminem spotkania. W przypadku nieodwo\u0142ania wizyty przez klienta w tym terminie, klient zostanie obci\u0105\u017cony op\u0142at\u0105 zgodnie z cennikiem.<\/p>\n<\/li>\n<li>\n<p align=\"JUSTIFY\">Zaanga\u017cowanie i wola uczestniczenia w spotkaniach jest warunkiem skuteczno\u015bci pomocy psychologicznej.<\/p>\n<\/li>\n<li>\n<p align=\"JUSTIFY\">Spotkanie zostanie przeze mnie odwo\u0142ane b\u0105d\u017a przerwane w przypadku uzasadnionego podejrzenia, \u017ce klient znajduje si\u0119 pod wp\u0142ywem \u015brodk\u00f3w odurzaj\u0105cych.<\/p>\n<\/li>\n<li>\n<p align=\"JUSTIFY\">Klient decyduj\u0105c si\u0119 na proces pomocy psychologicznej o\u015bwiadcza, \u017ce nie ucz\u0119szcza jednocze\u015bnie do innego psychologa\/psychoterapeuty.<\/p>\n<\/li>\n<li>\n<p align=\"JUSTIFY\">Klient ma prawo zrezygnowa\u0107 ze spotka\u0144 z psychologiem w ka\u017cdym momencie.<\/p>\n<\/li>\n<li>\n<p align=\"JUSTIFY\">W przypadku konsultacji psychologicznych dla par, klientem jest relacja pary. Psycholog nie ma prawa kontaktowa\u0107 si\u0119 z \u017cadn\u0105 z os\u00f3b, b\u0119d\u0105cych w parze, z osobna, pomi\u0119dzy spotkaniami.<\/p>\n<\/li>\n<li>\n<p align=\"JUSTIFY\">Psycholog ma prawo odm\u00f3wi\u0107 pomocy psychologicznej w sytuacji, kiedy klient w ra\u017c\u0105cy spos\u00f3b narusza w stosunku do niego zasady wsp\u00f3\u0142\u017cycia spo\u0142ecznego b\u0105d\u017a \u0142amie zasady kontaktu.<\/p>\n<\/li>\n<li>\n<p align=\"JUSTIFY\">Psycholog mo\u017ce odm\u00f3wi\u0107 pomocy psychologicznej, je\u015bli uzna swoje kompetencje za niewystarczaj\u0105ce do jej udzielenia. W takiej sytuacji zobowi\u0105zuje si\u0119 do poinformowania o tym klienta i zaproponowania mu innego psychologa\/psychoterapeuty.<\/p>\n<\/li>\n<\/ol>\n<p align=\"JUSTIFY\"><b>P\u0141ATNO\u015a\u0106 I CZAS KONSULTACJI<\/b><\/p>\n<ol>\n<li>\n<p align=\"JUSTIFY\">Konsultacja, pomoc indywidualna trwa 50 min., konsultacja, pomoc pary \u2013 80 min.<\/p>\n<\/li>\n<li>\n<p align=\"JUSTIFY\">Sp\u00f3\u017anienie klienta nie wyd\u0142u\u017ca czasu trwania spotkania.<\/p>\n<\/li>\n<li>\n<p align=\"JUSTIFY\">Koszt spotkania \u2013 okre\u015blony na stronie g\u0142\u00f3wnej ewa.szymeczko.com<\/p>\n<\/li>\n<li>\n<p align=\"JUSTIFY\">Cz\u0119stotliwo\u015b\u0107 spotka\u0144 jest ustalana indywidualnie z klientem.<\/p>\n<\/li>\n<\/ol>\n<h1><\/h1>\n<p>&nbsp;<\/p>\n<h1><strong>PLIKI DO POBRANIA:<\/strong><\/h1>\n<p><img loading=\"lazy\" decoding=\"async\" class=\"alignleft wp-image-123 size-thumbnail\" src=\"http:\/\/ewa.szymeczko.com\/wp-content\/uploads\/2024\/08\/carton-1699630_1280-150x150.png\" alt=\"\" width=\"150\" height=\"150\" srcset=\"https:\/\/ewa.szymeczko.com\/wp-content\/uploads\/2024\/08\/carton-1699630_1280-150x150.png 150w, https:\/\/ewa.szymeczko.com\/wp-content\/uploads\/2024\/08\/carton-1699630_1280-300x300.png 300w, https:\/\/ewa.szymeczko.com\/wp-content\/uploads\/2024\/08\/carton-1699630_1280-1024x1024.png 1024w, https:\/\/ewa.szymeczko.com\/wp-content\/uploads\/2024\/08\/carton-1699630_1280-768x768.png 768w, https:\/\/ewa.szymeczko.com\/wp-content\/uploads\/2024\/08\/carton-1699630_1280-100x100.png 100w, https:\/\/ewa.szymeczko.com\/wp-content\/uploads\/2024\/08\/carton-1699630_1280.png 1280w\" sizes=\"auto, (max-width: 150px) 100vw, 150px\" \/><\/p>\n<p>&nbsp;<\/p>\n<p>&nbsp;<\/p>\n<p>&nbsp;<\/p>\n<p>&nbsp;<\/p>\n<p align=\"JUSTIFY\"><a href=\"http:\/\/ewa.szymeczko.com\/wp-content\/uploads\/2024\/08\/NA-STRONE-kontrakt.pdf\">kontrakt z doros\u0142ymi\u00a0 \u00a0 \u00a0 \u00a0 \u00a0 \u00a0 \u00a0 \u00a0 \u00a0 \u00a0 \u00a0 \u00a0 \u00a0 \u00a0 \u00a0 \u00a0 \u00a0 \u00a0 \u00a0 \u00a0 \u00a0 \u00a0 \u00a0 \u00a0&lt;&#8212; kliknij aby pobra\u0107<\/a><\/p>\n<p align=\"JUSTIFY\"><a href=\"http:\/\/ewa.szymeczko.com\/wp-content\/uploads\/2024\/08\/NA-STRONE-kontrakt-nastolatek.pdf\">kontrakt z nastolatkiem\u00a0 \u00a0 \u00a0 \u00a0 \u00a0 \u00a0 \u00a0 \u00a0 \u00a0 \u00a0 \u00a0 \u00a0 \u00a0 \u00a0 \u00a0 \u00a0 \u00a0 \u00a0 \u00a0 \u00a0 \u00a0&lt;&#8212; kliknij aby pobra\u0107<\/a><\/p>\n<p align=\"JUSTIFY\"><a href=\"http:\/\/ewa.szymeczko.com\/wp-content\/uploads\/2024\/08\/NA-STRONE-spotkania_przed_pomoca-psychologiczna.pdf\">spotkania przed pomoc\u0105 psychologiczn\u0105\u00a0 \u00a0 &lt;&#8212; kliknij aby pobra\u0107<\/a><\/p>\n<p align=\"JUSTIFY\">\n","protected":false},"excerpt":{"rendered":"<p>Umawianie wizyt nast\u0119puje poprzez telefon, sms, e-mail. Prosz\u0119 o odwo\u0142ywanie wizyty najp\u00f3\u017aniej dzie\u0144 przed um\u00f3wionym terminem spotkania. W przypadku nieodwo\u0142ania wizyty przez klienta w tym terminie, klient zostanie obci\u0105\u017cony op\u0142at\u0105 zgodnie z cennikiem. Zaanga\u017cowanie i wola uczestniczenia w spotkaniach jest warunkiem skuteczno\u015bci pomocy psychologicznej. Spotkanie zostanie przeze mnie odwo\u0142ane b\u0105d\u017a przerwane w przypadku uzasadnionego podejrzenia, &hellip; <\/p>\n<p class=\"link-more\"><a href=\"https:\/\/ewa.szymeczko.com\/?page_id=73\" class=\"more-link\">Continue reading<span class=\"screen-reader-text\"> &#8220;Zasady kontaktu i wizyt&#8221;<\/span><\/a><\/p>\n","protected":false},"author":1,"featured_media":105,"parent":0,"menu_order":0,"comment_status":"closed","ping_status":"closed","template":"","meta":{"footnotes":""},"class_list":["post-73","page","type-page","status-publish","has-post-thumbnail","hentry"],"_links":{"self":[{"href":"https:\/\/ewa.szymeczko.com\/index.php?rest_route=\/wp\/v2\/pages\/73","targetHints":{"allow":["GET"]}}],"collection":[{"href":"https:\/\/ewa.szymeczko.com\/index.php?rest_route=\/wp\/v2\/pages"}],"about":[{"href":"https:\/\/ewa.szymeczko.com\/index.php?rest_route=\/wp\/v2\/types\/page"}],"author":[{"embeddable":true,"href":"https:\/\/ewa.szymeczko.com\/index.php?rest_route=\/wp\/v2\/users\/1"}],"replies":[{"embeddable":true,"href":"https:\/\/ewa.szymeczko.com\/index.php?rest_route=%2Fwp%2Fv2%2Fcomments&post=73"}],"version-history":[{"count":16,"href":"https:\/\/ewa.szymeczko.com\/index.php?rest_route=\/wp\/v2\/pages\/73\/revisions"}],"predecessor-version":[{"id":164,"href":"https:\/\/ewa.szymeczko.com\/index.php?rest_route=\/wp\/v2\/pages\/73\/revisions\/164"}],"wp:featuredmedia":[{"embeddable":true,"href":"https:\/\/ewa.szymeczko.com\/index.php?rest_route=\/wp\/v2\/media\/105"}],"wp:attachment":[{"href":"https:\/\/ewa.szymeczko.com\/index.php?rest_route=%2Fwp%2Fv2%2Fmedia&parent=73"}],"curies":[{"name":"wp","href":"https:\/\/api.w.org\/{rel}","templated":true}]}}