{"id":8,"date":"2024-07-23T21:42:57","date_gmt":"2024-07-23T19:42:57","guid":{"rendered":"http:\/\/ewa.szymeczko.com\/?page_id=8"},"modified":"2025-11-25T07:54:14","modified_gmt":"2025-11-25T06:54:14","slug":"kontakt","status":"publish","type":"page","link":"https:\/\/ewa.szymeczko.com\/?page_id=8","title":{"rendered":"Znajd\u017a nas"},"content":{"rendered":"<p><b>Adres<\/b><\/p>\n<p>ul. Fa\u0142ata 34-46, II pi\u0119tro w budynku przychodni zdrowia<\/p>\n<p>87-100 Toru\u0144<\/p>\n<p><b>gabinet 38 \u2013 <\/b>mgr Ewa Szymeczko, psycholog, w trakcie szkolenia z psychoterapii psychodynamicznej<\/p>\n<p>poniedzia\u0142ek, \u015broda, pi\u0105tek: 16:00-19:00<\/p>\n<p>&nbsp;<\/p>\n<p><b>gabinet 37<\/b> \u2013 dr hab. Tomasz Kruszewski, prof. UMK, psychoterapeuta poznawczo-behawioralny<\/p>\n","protected":false},"excerpt":{"rendered":"<p>Adres ul. Fa\u0142ata 34-46, II pi\u0119tro w budynku przychodni zdrowia 87-100 Toru\u0144 gabinet 38 \u2013 mgr Ewa Szymeczko, psycholog, w trakcie szkolenia z psychoterapii psychodynamicznej poniedzia\u0142ek, \u015broda, pi\u0105tek: 16:00-19:00 &nbsp; gabinet 37 \u2013 dr hab. Tomasz Kruszewski, prof. UMK, psychoterapeuta poznawczo-behawioralny<\/p>\n","protected":false},"author":1,"featured_media":0,"parent":0,"menu_order":0,"comment_status":"closed","ping_status":"closed","template":"","meta":{"footnotes":""},"class_list":["post-8","page","type-page","status-publish","hentry"],"_links":{"self":[{"href":"https:\/\/ewa.szymeczko.com\/index.php?rest_route=\/wp\/v2\/pages\/8","targetHints":{"allow":["GET"]}}],"collection":[{"href":"https:\/\/ewa.szymeczko.com\/index.php?rest_route=\/wp\/v2\/pages"}],"about":[{"href":"https:\/\/ewa.szymeczko.com\/index.php?rest_route=\/wp\/v2\/types\/page"}],"author":[{"embeddable":true,"href":"https:\/\/ewa.szymeczko.com\/index.php?rest_route=\/wp\/v2\/users\/1"}],"replies":[{"embeddable":true,"href":"https:\/\/ewa.szymeczko.com\/index.php?rest_route=%2Fwp%2Fv2%2Fcomments&post=8"}],"version-history":[{"count":7,"href":"https:\/\/ewa.szymeczko.com\/index.php?rest_route=\/wp\/v2\/pages\/8\/revisions"}],"predecessor-version":[{"id":232,"href":"https:\/\/ewa.szymeczko.com\/index.php?rest_route=\/wp\/v2\/pages\/8\/revisions\/232"}],"wp:attachment":[{"href":"https:\/\/ewa.szymeczko.com\/index.php?rest_route=%2Fwp%2Fv2%2Fmedia&parent=8"}],"curies":[{"name":"wp","href":"https:\/\/api.w.org\/{rel}","templated":true}]}}